{"id":2114,"date":"2018-08-13T13:19:10","date_gmt":"2018-08-13T13:19:10","guid":{"rendered":"https:\/\/www.ndi.law\/na\/about-us\/"},"modified":"2025-02-10T16:33:03","modified_gmt":"2025-02-10T14:33:03","slug":"despre-noi","status":"publish","type":"page","link":"https:\/\/www.nicolescu-asociatii.ro\/?page_id=2114","title":{"rendered":"Despre noi"},"content":{"rendered":"\n<p>Bine a\u021bi venit la <strong>Nicolescu \u0219i Asocia\u021bii<\/strong>, unde integritatea, expertiza \u0219i dedicarea se \u00eent\u00e2lnesc pentru a v\u0103 satisface nevoile juridice cu excelen\u021b\u0103.<\/p>\n\n\n\n<p class=\"text-justfiy\">Echipa noastr\u0103 de avoca\u021bi \u00een\u021belege complexitatea peisajului economico-juridic \u0219i abordeaz\u0103 fiecare situa\u021bie \u00een func\u021bie de specificul \u0219i importan\u021ba acesteia. Indiferent dac\u0103 v\u0103 confrunta\u021bi cu un litigiu de natur\u0103 penal\u0103, naviga\u021bi \u00eentr-o disput\u0103 de achizi\u021bii publice sau c\u0103uta\u021bi consiliere pentru probleme legate de dreptul mass-media, drept societar, dreptul muncii \u0219i insolven\u021b\u0103, echipa noastr\u0103 de avoca\u021bi experimenta\u021bi este aici pentru a v\u0103 oferi solu\u021bii personalizate \u0219i sprijin neclintit.<\/p>\n\n\n\n<p>Av\u00e2nd un angajament fa\u021b\u0103 de excelen\u021b\u0103 \u0219i o pasiune pentru justi\u021bie, societatea noastr\u0103 de avoca\u021bi \u0219i-a c\u00e2\u0219tigat reputa\u021bia de a oferi implicare profesional\u0103 \u0219i rezultate. Ne m\u00e2ndrim cu aten\u021bia acordat\u0103 detaliilor, abordarea strategic\u0103 \u0219i sus\u021binerea implacabil\u0103 \u00een numele clien\u021bilor no\u0219tri.<br><\/p>\n\n\n\n<p>Ceea ce ne diferen\u021biaz\u0103 nu este doar expertiza noastr\u0103 juridic\u0103, ci \u0219i dedicarea pentru ob\u021binerea rezultatelor scontate.<\/p>\n\n\n\n<p>Indiferent de complexitatea cazului dumnevoastra, pute\u021bi avea \u00eencredere c\u0103 echipa de avoca\u021bi din cadrul <strong>Nicolescu \u0219i Asocia\u021bii<\/strong> ofer\u0103 reprezentarea calificat\u0103, \u00eendrumare juridic\u0103 \u0219i prioritizare pentru solu\u021bionarea problemelor juridice cu care v\u0103 confrunta\u021bi.<\/p>\n","protected":false},"excerpt":{"rendered":"<p>Bine a\u021bi venit la Nicolescu \u0219i Asocia\u021bii, unde integritatea, expertiza \u0219i dedicarea se \u00eent\u00e2lnesc pentru a v\u0103 satisface nevoile juridice cu excelen\u021b\u0103. Echipa noastr\u0103 de avoca\u021bi \u00een\u021belege complexitatea peisajului economico-juridic \u0219i abordeaz\u0103 fiecare situa\u021bie \u00een func\u021bie de specificul \u0219i importan\u021ba acesteia. Indiferent dac\u0103 v\u0103 confrunta\u021bi cu un litigiu de natur\u0103 penal\u0103, naviga\u021bi \u00eentr-o disput\u0103 de [&hellip;]<\/p>\n","protected":false},"author":3,"featured_media":0,"parent":0,"menu_order":8,"comment_status":"closed","ping_status":"closed","template":"","meta":{"_acf_changed":false,"footnotes":""},"class_list":{"1":"page"},"acf":[],"yoast_head":"<!-- This site is optimized with the Yoast SEO plugin v27.5 - https:\/\/yoast.com\/product\/yoast-seo-wordpress\/ -->\n<title>Despre noi - Nicolescu \u0219i Asocia\u021bii<\/title>\n<meta name=\"robots\" content=\"index, follow, max-snippet:-1, max-image-preview:large, max-video-preview:-1\" \/>\n<link rel=\"canonical\" href=\"https:\/\/www.nicolescu-asociatii.ro\/?page_id=2114\" \/>\n<meta property=\"og:locale\" content=\"en_US\" \/>\n<meta property=\"og:type\" content=\"article\" \/>\n<meta property=\"og:title\" content=\"Despre noi - Nicolescu \u0219i Asocia\u021bii\" \/>\n<meta property=\"og:description\" content=\"Bine a\u021bi venit la Nicolescu \u0219i Asocia\u021bii, unde integritatea, expertiza \u0219i dedicarea se \u00eent\u00e2lnesc pentru a v\u0103 satisface nevoile juridice cu excelen\u021b\u0103. Echipa noastr\u0103 de avoca\u021bi \u00een\u021belege complexitatea peisajului economico-juridic \u0219i abordeaz\u0103 fiecare situa\u021bie \u00een func\u021bie de specificul \u0219i importan\u021ba acesteia. Indiferent dac\u0103 v\u0103 confrunta\u021bi cu un litigiu de natur\u0103 penal\u0103, naviga\u021bi \u00eentr-o disput\u0103 de [&hellip;]\" \/>\n<meta property=\"og:url\" content=\"https:\/\/www.nicolescu-asociatii.ro\/?page_id=2114\" \/>\n<meta property=\"og:site_name\" content=\"Nicolescu \u0219i Asocia\u021bii\" \/>\n<meta property=\"article:modified_time\" content=\"2025-02-10T14:33:03+00:00\" \/>\n<meta name=\"twitter:card\" content=\"summary_large_image\" \/>\n<meta name=\"twitter:label1\" content=\"Est. reading time\" \/>\n\t<meta name=\"twitter:data1\" content=\"1 minute\" \/>\n<script type=\"application\/ld+json\" class=\"yoast-schema-graph\">{\"@context\":\"https:\\\/\\\/schema.org\",\"@graph\":[{\"@type\":\"WebPage\",\"@id\":\"https:\\\/\\\/www.nicolescu-asociatii.ro\\\/?page_id=2114\",\"url\":\"https:\\\/\\\/www.nicolescu-asociatii.ro\\\/?page_id=2114\",\"name\":\"Despre noi - Nicolescu \u0219i Asocia\u021bii\",\"isPartOf\":{\"@id\":\"https:\\\/\\\/www.nicolescu-asociatii.ro\\\/#website\"},\"datePublished\":\"2018-08-13T13:19:10+00:00\",\"dateModified\":\"2025-02-10T14:33:03+00:00\",\"breadcrumb\":{\"@id\":\"https:\\\/\\\/www.nicolescu-asociatii.ro\\\/?page_id=2114#breadcrumb\"},\"inLanguage\":\"en-US\",\"potentialAction\":[{\"@type\":\"ReadAction\",\"target\":[\"https:\\\/\\\/www.nicolescu-asociatii.ro\\\/?page_id=2114\"]}]},{\"@type\":\"BreadcrumbList\",\"@id\":\"https:\\\/\\\/www.nicolescu-asociatii.ro\\\/?page_id=2114#breadcrumb\",\"itemListElement\":[{\"@type\":\"ListItem\",\"position\":1,\"name\":\"Home\",\"item\":\"https:\\\/\\\/www.nicolescu-asociatii.ro\\\/\"},{\"@type\":\"ListItem\",\"position\":2,\"name\":\"Despre noi\"}]},{\"@type\":\"WebSite\",\"@id\":\"https:\\\/\\\/www.nicolescu-asociatii.ro\\\/#website\",\"url\":\"https:\\\/\\\/www.nicolescu-asociatii.ro\\\/\",\"name\":\"Nicolescu \u0219i Asocia\u021bii\",\"description\":\"Legal assistance and consultancy services\",\"publisher\":{\"@id\":\"https:\\\/\\\/www.nicolescu-asociatii.ro\\\/#organization\"},\"potentialAction\":[{\"@type\":\"SearchAction\",\"target\":{\"@type\":\"EntryPoint\",\"urlTemplate\":\"https:\\\/\\\/www.nicolescu-asociatii.ro\\\/?s={search_term_string}\"},\"query-input\":{\"@type\":\"PropertyValueSpecification\",\"valueRequired\":true,\"valueName\":\"search_term_string\"}}],\"inLanguage\":\"en-US\"},{\"@type\":\"Organization\",\"@id\":\"https:\\\/\\\/www.nicolescu-asociatii.ro\\\/#organization\",\"name\":\"Nicolescu \u0219i Asocia\u021bii\",\"url\":\"https:\\\/\\\/www.nicolescu-asociatii.ro\\\/\",\"logo\":{\"@type\":\"ImageObject\",\"inLanguage\":\"en-US\",\"@id\":\"https:\\\/\\\/www.nicolescu-asociatii.ro\\\/#\\\/schema\\\/logo\\\/image\\\/\",\"url\":\"https:\\\/\\\/www.nicolescu-asociatii.ro\\\/wp-content\\\/uploads\\\/logo-1.png\",\"contentUrl\":\"https:\\\/\\\/www.nicolescu-asociatii.ro\\\/wp-content\\\/uploads\\\/logo-1.png\",\"width\":311,\"height\":157,\"caption\":\"Nicolescu \u0219i Asocia\u021bii\"},\"image\":{\"@id\":\"https:\\\/\\\/www.nicolescu-asociatii.ro\\\/#\\\/schema\\\/logo\\\/image\\\/\"}}]}<\/script>\n<!-- \/ Yoast SEO plugin. -->","yoast_head_json":{"title":"Despre noi - Nicolescu \u0219i Asocia\u021bii","robots":{"index":"index","follow":"follow","max-snippet":"max-snippet:-1","max-image-preview":"max-image-preview:large","max-video-preview":"max-video-preview:-1"},"canonical":"https:\/\/www.nicolescu-asociatii.ro\/?page_id=2114","og_locale":"en_US","og_type":"article","og_title":"Despre noi - Nicolescu \u0219i Asocia\u021bii","og_description":"Bine a\u021bi venit la Nicolescu \u0219i Asocia\u021bii, unde integritatea, expertiza \u0219i dedicarea se \u00eent\u00e2lnesc pentru a v\u0103 satisface nevoile juridice cu excelen\u021b\u0103. Echipa noastr\u0103 de avoca\u021bi \u00een\u021belege complexitatea peisajului economico-juridic \u0219i abordeaz\u0103 fiecare situa\u021bie \u00een func\u021bie de specificul \u0219i importan\u021ba acesteia. Indiferent dac\u0103 v\u0103 confrunta\u021bi cu un litigiu de natur\u0103 penal\u0103, naviga\u021bi \u00eentr-o disput\u0103 de [&hellip;]","og_url":"https:\/\/www.nicolescu-asociatii.ro\/?page_id=2114","og_site_name":"Nicolescu \u0219i Asocia\u021bii","article_modified_time":"2025-02-10T14:33:03+00:00","twitter_card":"summary_large_image","twitter_misc":{"Est. reading time":"1 minute"},"schema":{"@context":"https:\/\/schema.org","@graph":[{"@type":"WebPage","@id":"https:\/\/www.nicolescu-asociatii.ro\/?page_id=2114","url":"https:\/\/www.nicolescu-asociatii.ro\/?page_id=2114","name":"Despre noi - Nicolescu \u0219i Asocia\u021bii","isPartOf":{"@id":"https:\/\/www.nicolescu-asociatii.ro\/#website"},"datePublished":"2018-08-13T13:19:10+00:00","dateModified":"2025-02-10T14:33:03+00:00","breadcrumb":{"@id":"https:\/\/www.nicolescu-asociatii.ro\/?page_id=2114#breadcrumb"},"inLanguage":"en-US","potentialAction":[{"@type":"ReadAction","target":["https:\/\/www.nicolescu-asociatii.ro\/?page_id=2114"]}]},{"@type":"BreadcrumbList","@id":"https:\/\/www.nicolescu-asociatii.ro\/?page_id=2114#breadcrumb","itemListElement":[{"@type":"ListItem","position":1,"name":"Home","item":"https:\/\/www.nicolescu-asociatii.ro\/"},{"@type":"ListItem","position":2,"name":"Despre noi"}]},{"@type":"WebSite","@id":"https:\/\/www.nicolescu-asociatii.ro\/#website","url":"https:\/\/www.nicolescu-asociatii.ro\/","name":"Nicolescu \u0219i Asocia\u021bii","description":"Legal assistance and consultancy services","publisher":{"@id":"https:\/\/www.nicolescu-asociatii.ro\/#organization"},"potentialAction":[{"@type":"SearchAction","target":{"@type":"EntryPoint","urlTemplate":"https:\/\/www.nicolescu-asociatii.ro\/?s={search_term_string}"},"query-input":{"@type":"PropertyValueSpecification","valueRequired":true,"valueName":"search_term_string"}}],"inLanguage":"en-US"},{"@type":"Organization","@id":"https:\/\/www.nicolescu-asociatii.ro\/#organization","name":"Nicolescu \u0219i Asocia\u021bii","url":"https:\/\/www.nicolescu-asociatii.ro\/","logo":{"@type":"ImageObject","inLanguage":"en-US","@id":"https:\/\/www.nicolescu-asociatii.ro\/#\/schema\/logo\/image\/","url":"https:\/\/www.nicolescu-asociatii.ro\/wp-content\/uploads\/logo-1.png","contentUrl":"https:\/\/www.nicolescu-asociatii.ro\/wp-content\/uploads\/logo-1.png","width":311,"height":157,"caption":"Nicolescu \u0219i Asocia\u021bii"},"image":{"@id":"https:\/\/www.nicolescu-asociatii.ro\/#\/schema\/logo\/image\/"}}]}},"_links":{"self":[{"href":"https:\/\/www.nicolescu-asociatii.ro\/index.php?rest_route=\/wp\/v2\/pages\/2114","targetHints":{"allow":["GET"]}}],"collection":[{"href":"https:\/\/www.nicolescu-asociatii.ro\/index.php?rest_route=\/wp\/v2\/pages"}],"about":[{"href":"https:\/\/www.nicolescu-asociatii.ro\/index.php?rest_route=\/wp\/v2\/types\/page"}],"author":[{"embeddable":true,"href":"https:\/\/www.nicolescu-asociatii.ro\/index.php?rest_route=\/wp\/v2\/users\/3"}],"replies":[{"embeddable":true,"href":"https:\/\/www.nicolescu-asociatii.ro\/index.php?rest_route=%2Fwp%2Fv2%2Fcomments&post=2114"}],"version-history":[{"count":14,"href":"https:\/\/www.nicolescu-asociatii.ro\/index.php?rest_route=\/wp\/v2\/pages\/2114\/revisions"}],"predecessor-version":[{"id":10597,"href":"https:\/\/www.nicolescu-asociatii.ro\/index.php?rest_route=\/wp\/v2\/pages\/2114\/revisions\/10597"}],"wp:attachment":[{"href":"https:\/\/www.nicolescu-asociatii.ro\/index.php?rest_route=%2Fwp%2Fv2%2Fmedia&parent=2114"}],"curies":[{"name":"wp","href":"https:\/\/api.w.org\/{rel}","templated":true}]}}